{"id":1651,"date":"2022-04-13T11:52:38","date_gmt":"2022-04-13T09:52:38","guid":{"rendered":"https:\/\/villamarchante.net\/confirmacion-de-reserva\/transaccion-fallida"},"modified":"2022-04-13T11:52:38","modified_gmt":"2022-04-13T09:52:38","slug":"transaccion-fallida","status":"publish","type":"page","link":"https:\/\/villamarchante.net\/en\/confirmacion-de-reserva\/transaccion-fallida","title":{"rendered":"Transacci\u00f3n fallida"},"content":{"rendered":"<p>Desafortunadamente, tu transacci\u00f3n no puede completarse en este momento. Por favor, int\u00e9ntalo de nuevo o ponte en contacto con nosotros.<\/p>","protected":false},"excerpt":{"rendered":"<p>Desafortunadamente, tu transacci\u00f3n no puede completarse en este momento. Por favor, int\u00e9ntalo de nuevo o ponte en contacto con nosotros.<\/p>","protected":false},"author":1,"featured_media":0,"parent":1647,"menu_order":0,"comment_status":"closed","ping_status":"closed","template":"","meta":{"footnotes":""},"class_list":["post-1651","page","type-page","status-publish","hentry"],"_links":{"self":[{"href":"https:\/\/villamarchante.net\/en\/wp-json\/wp\/v2\/pages\/1651","targetHints":{"allow":["GET"]}}],"collection":[{"href":"https:\/\/villamarchante.net\/en\/wp-json\/wp\/v2\/pages"}],"about":[{"href":"https:\/\/villamarchante.net\/en\/wp-json\/wp\/v2\/types\/page"}],"author":[{"embeddable":true,"href":"https:\/\/villamarchante.net\/en\/wp-json\/wp\/v2\/users\/1"}],"replies":[{"embeddable":true,"href":"https:\/\/villamarchante.net\/en\/wp-json\/wp\/v2\/comments?post=1651"}],"version-history":[{"count":0,"href":"https:\/\/villamarchante.net\/en\/wp-json\/wp\/v2\/pages\/1651\/revisions"}],"up":[{"embeddable":true,"href":"https:\/\/villamarchante.net\/en\/wp-json\/wp\/v2\/pages\/1647"}],"wp:attachment":[{"href":"https:\/\/villamarchante.net\/en\/wp-json\/wp\/v2\/media?parent=1651"}],"curies":[{"name":"wp","href":"https:\/\/api.w.org\/{rel}","templated":true}]}}