{"id":318,"date":"2021-05-13T10:01:35","date_gmt":"2021-05-13T10:01:35","guid":{"rendered":"https:\/\/villamarchante.net\/?page_id=318"},"modified":"2021-05-18T10:24:59","modified_gmt":"2021-05-18T10:24:59","slug":"politica-de-cancelacion","status":"publish","type":"page","link":"https:\/\/villamarchante.net\/en\/politica-de-cancelacion","title":{"rendered":"Cancellation policy"},"content":{"rendered":"<h2 class=\"wp-block-heading\">Cancellation policy<\/h2>\n\n\n\n<p><strong>7 d\u00edas antes devoluci\u00f3n del 75 %:<\/strong> Para recibir un reembolso del 75 % del importe de la reserva, la cancelaci\u00f3n de la misma debe realizarse al menos siete d\u00edas completos antes del inicio de la reserva.<\/p>\n\n\n\n<p><strong>Menos de 7 d\u00edas:<\/strong> No se devolver\u00e1 el importe de la reserva si la cancelaci\u00f3n de la misma se produce en un periodo inferior a 7 d\u00edas completos antes del inicio de la reserva.<\/p>\n\n\n\n<p><strong>Salida:<\/strong> Si el hu\u00e9sped llega y decide dejar su alojamiento antes de tiempo, no se le reembolsar\u00e1n las noches no disfrutadas.<\/p>\n\n\n\n<h2 class=\"wp-block-heading\"><strong>Pol\u00edtica de Cancelaci\u00f3n por COVID-19<\/strong><\/h2>\n\n\n\n<p>Situaciones que contemplamos v\u00e1lidas para una cancelaci\u00f3n por causa de fuerza mayor:<\/p>\n\n\n\n<ul class=\"wp-block-list\"><li>En caso que el hu\u00e9sped no pueda desplazarse a VillaMarchante por cierre perimetral de su municipio o de Ca\u00f1os de Meca, se proceder\u00e1 a la devoluci\u00f3n del 100 % del importe de la reserva.<\/li><\/ul>","protected":false},"excerpt":{"rendered":"<p>Pol\u00edtica de cancelaci\u00f3n 7 d\u00edas antes devoluci\u00f3n del 75 %: Para recibir un reembolso del 75 % del importe de la reserva, la cancelaci\u00f3n de la misma debe realizarse al menos siete d\u00edas completos antes del inicio de la reserva. Menos de 7 d\u00edas: No se devolver\u00e1 el importe de la reserva si la cancelaci\u00f3n [&hellip;]<\/p>\n","protected":false},"author":1,"featured_media":0,"parent":0,"menu_order":0,"comment_status":"closed","ping_status":"closed","template":"","meta":{"footnotes":""},"class_list":["post-318","page","type-page","status-publish","hentry"],"_links":{"self":[{"href":"https:\/\/villamarchante.net\/en\/wp-json\/wp\/v2\/pages\/318","targetHints":{"allow":["GET"]}}],"collection":[{"href":"https:\/\/villamarchante.net\/en\/wp-json\/wp\/v2\/pages"}],"about":[{"href":"https:\/\/villamarchante.net\/en\/wp-json\/wp\/v2\/types\/page"}],"author":[{"embeddable":true,"href":"https:\/\/villamarchante.net\/en\/wp-json\/wp\/v2\/users\/1"}],"replies":[{"embeddable":true,"href":"https:\/\/villamarchante.net\/en\/wp-json\/wp\/v2\/comments?post=318"}],"version-history":[{"count":3,"href":"https:\/\/villamarchante.net\/en\/wp-json\/wp\/v2\/pages\/318\/revisions"}],"predecessor-version":[{"id":639,"href":"https:\/\/villamarchante.net\/en\/wp-json\/wp\/v2\/pages\/318\/revisions\/639"}],"wp:attachment":[{"href":"https:\/\/villamarchante.net\/en\/wp-json\/wp\/v2\/media?parent=318"}],"curies":[{"name":"wp","href":"https:\/\/api.w.org\/{rel}","templated":true}]}}