{"id":557,"date":"2021-05-18T09:44:18","date_gmt":"2021-05-18T09:44:18","guid":{"rendered":"https:\/\/villamarchante.net\/?page_id=557"},"modified":"2022-08-11T14:26:36","modified_gmt":"2022-08-11T12:26:36","slug":"que-ver","status":"publish","type":"page","link":"https:\/\/villamarchante.net\/en\/que-ver","title":{"rendered":"What to see"},"content":{"rendered":"<h2 class=\"wp-block-heading\">Discover Los Ca\u00f1os de Meca<\/h2>\n\n\n\n<p>VILLA MARCHANTE WANTS TO MAKE YOUR STAY THE BEST EXPERIENCE. THAT IS WHY WE WANT TO RECOMMEND YOU SOME OF THE BEST BEACHES, RESTAURANTS AND BARS IN THE LOCATION.<\/p>\n\n\n\n<p><\/p>\n\n\n\n<div class=\"wp-block-columns is-layout-flex wp-container-core-columns-is-layout-9d6595d7 wp-block-columns-is-layout-flex\">\n<div class=\"wp-block-column is-layout-flow wp-block-column-is-layout-flow\" style=\"flex-basis:33.33%\">\n<figure class=\"wp-block-image size-large is-resized\" style=\"margin-bottom: 15px;\"><img loading=\"lazy\" decoding=\"async\" src=\"https:\/\/villamarchante.net\/wp-content\/uploads\/2021\/05\/Captura-de-pantalla-2021-05-18-a-las-17.32.00-1024x1024.png\" alt=\"\" class=\"wp-image-707\" width=\"461\" height=\"461\" srcset=\"https:\/\/villamarchante.net\/wp-content\/uploads\/2021\/05\/Captura-de-pantalla-2021-05-18-a-las-17.32.00-1024x1024.png 1024w, https:\/\/villamarchante.net\/wp-content\/uploads\/2021\/05\/Captura-de-pantalla-2021-05-18-a-las-17.32.00-300x300.png 300w, https:\/\/villamarchante.net\/wp-content\/uploads\/2021\/05\/Captura-de-pantalla-2021-05-18-a-las-17.32.00-150x150.png 150w, https:\/\/villamarchante.net\/wp-content\/uploads\/2021\/05\/Captura-de-pantalla-2021-05-18-a-las-17.32.00-768x768.png 768w, https:\/\/villamarchante.net\/wp-content\/uploads\/2021\/05\/Captura-de-pantalla-2021-05-18-a-las-17.32.00-100x100.png 100w\" sizes=\"auto, (max-width: 461px) 100vw, 461px\" \/><\/figure>\n<\/div>\n\n\n\n<div class=\"wp-block-column is-layout-flow wp-block-column-is-layout-flow\" style=\"flex-basis:66.66%\">\n<h4 class=\"wp-block-heading\"><strong>PIRATA OR GUADALUPE BEACH<\/strong><\/h4>\n\n\n\n<p>Nice beach few meters from the apartment. Refined sand and sandy sea bottoms in the heart of Los Ca\u00f1os. The \"neighborhood beach\". You have beach bars and restaurants nearby in case you feel hungry or thirsty. You can also enjoy live music.<\/p>\n\n\n\n<p>The beach joins on its right side (always looking towards the sea, obviously) to the Apartamentos del Estrecho beach. You can walk the seawalk and get as a reward a snack in the area of El Faro de Trafalgar. If it coincides with the sunset, you can not ask for more! <\/p>\n<\/div>\n<\/div>\n\n\n\n<div class=\"wp-block-columns is-layout-flex wp-container-core-columns-is-layout-9d6595d7 wp-block-columns-is-layout-flex\">\n<div class=\"wp-block-column is-layout-flow wp-block-column-is-layout-flow\" style=\"flex-basis:33.33%\">\n<figure class=\"wp-block-image size-large\" style=\"margin-bottom: 15px;\"><img loading=\"lazy\" decoding=\"async\" width=\"1024\" height=\"1024\" src=\"https:\/\/villamarchante.net\/wp-content\/uploads\/2021\/05\/Captura-de-pantalla-2021-05-18-a-las-17.37.50-1024x1024.png\" alt=\"\" class=\"wp-image-710\" srcset=\"https:\/\/villamarchante.net\/wp-content\/uploads\/2021\/05\/Captura-de-pantalla-2021-05-18-a-las-17.37.50-1024x1024.png 1024w, https:\/\/villamarchante.net\/wp-content\/uploads\/2021\/05\/Captura-de-pantalla-2021-05-18-a-las-17.37.50-300x300.png 300w, https:\/\/villamarchante.net\/wp-content\/uploads\/2021\/05\/Captura-de-pantalla-2021-05-18-a-las-17.37.50-150x150.png 150w, https:\/\/villamarchante.net\/wp-content\/uploads\/2021\/05\/Captura-de-pantalla-2021-05-18-a-las-17.37.50-768x768.png 768w, https:\/\/villamarchante.net\/wp-content\/uploads\/2021\/05\/Captura-de-pantalla-2021-05-18-a-las-17.37.50-100x100.png 100w\" sizes=\"auto, (max-width: 1024px) 100vw, 1024px\" \/><\/figure>\n<\/div>\n\n\n\n<div class=\"wp-block-column is-layout-flow wp-block-column-is-layout-flow\" style=\"flex-basis:66.66%\">\n<h4 class=\"wp-block-heading\">LOS CASTILLEJOS<\/h4>\n\n\n\n<p>A series of calm coves with crystal waters, conserving their spirit of yesteryear and forming the first nudist nucleo in them. Highly recommended if the funny Levante gets worse. As a curiosity, on the walls of its cliffs there is supposedly beneficial mud for the body.<\/p>\n\n\n\n<p>You can access taking a walk from the Pirata beach (if the tide allows it) or by going down the stairs from the Ca\u00f1os de Meca road.<\/p>\n<\/div>\n<\/div>\n\n\n\n<div class=\"wp-block-columns is-layout-flex wp-container-core-columns-is-layout-9d6595d7 wp-block-columns-is-layout-flex\">\n<div class=\"wp-block-column is-layout-flow wp-block-column-is-layout-flow\" style=\"flex-basis:33.33%\">\n<figure class=\"wp-block-image size-large\" style=\"margin-bottom: 15px;\"><img loading=\"lazy\" decoding=\"async\" width=\"1024\" height=\"882\" src=\"https:\/\/villamarchante.net\/wp-content\/uploads\/2021\/05\/Captura-de-pantalla-2021-05-18-a-las-17.40.29-1024x882.png\" alt=\"\" class=\"wp-image-713\"\/><\/figure>\n<\/div>\n\n\n\n<div class=\"wp-block-column is-layout-flow wp-block-column-is-layout-flow\" style=\"flex-basis:66.66%\">\n<h4 class=\"wp-block-heading\">LAS CORTINAS O CHORROS<\/h4>\n\n\n\n<p>Continuing along Los Castillejos beach, to the left, the Barbate cliffs begin, making the terrain considerably more difficult (a little more accessible at low tide).<\/p>\n\n\n\n<p>As advice, wear good shoes if you don't want cuts on your feet or give yourself a good scare with a slip. Besides, check the tide table to avoid problems (recommended to go with the tide going out).<br>As a reward, you will see an incredible landscape, with the famous water curtains that give the area its name.<\/p>\n<\/div>\n<\/div>\n\n\n\n<div class=\"wp-block-columns is-layout-flex wp-container-core-columns-is-layout-9d6595d7 wp-block-columns-is-layout-flex\">\n<div class=\"wp-block-column is-layout-flow wp-block-column-is-layout-flow\" style=\"flex-basis:33.33%\">\n<figure class=\"wp-block-image size-large\" style=\"margin-bottom: 15px;\"><img loading=\"lazy\" decoding=\"async\" width=\"1024\" height=\"744\" src=\"https:\/\/villamarchante.net\/wp-content\/uploads\/2021\/05\/Captura-de-pantalla-2021-05-18-a-las-17.41.33-1024x744.png\" alt=\"\" class=\"wp-image-714\"\/><\/figure>\n<\/div>\n\n\n\n<div class=\"wp-block-column is-layout-flow wp-block-column-is-layout-flow\" style=\"flex-basis:66.66%\">\n<h4 class=\"wp-block-heading\">FARO DE TRAFALGAR<\/h4>\n\n\n\n<p>Playas salvajes y algo turbulentas, con fuertes corrientes y oleaje. Por tanto, mucha precauci\u00f3n a la hora de ba\u00f1arse, especialmente en las playas que rodean el t\u00f3mbolo del Faro de Trafalgar. Como consejo, ba\u00f1arse en la orilla para mojarse un poco la barriga y no creerse un Michael Phelps de la vida. Eso s\u00ed, merece la pena subir el t\u00f3mbolo del faro para observar las maravillosas vistas.<\/p>\n\n\n\n<p>No hace falta indicar d\u00f3nde se ubican, ya que ver\u00e1s el faro desde cualquier punto de Los Ca\u00f1os de Meca, que para eso es un faro. Eso s\u00ed, para acceder a ella hay que dar un pase\u00edllo andando, ya que el acceso en coche est\u00e1 prohibido. Existen aparcamientos a la entrada de la carretera.<\/p>\n<\/div>\n<\/div>\n\n\n\n<div class=\"wp-block-columns is-layout-flex wp-container-core-columns-is-layout-9d6595d7 wp-block-columns-is-layout-flex\">\n<div class=\"wp-block-column is-layout-flow wp-block-column-is-layout-flow\" style=\"flex-basis:33.33%\">\n<figure class=\"wp-block-image size-large\" style=\"margin-bottom: 15px;\"><img loading=\"lazy\" decoding=\"async\" width=\"1024\" height=\"630\" src=\"https:\/\/villamarchante.net\/wp-content\/uploads\/2021\/05\/Captura-de-pantalla-2021-05-18-a-las-17.43.11-1024x630.png\" alt=\"\" class=\"wp-image-717\"\/><\/figure>\n<\/div>\n\n\n\n<div class=\"wp-block-column is-layout-flow wp-block-column-is-layout-flow\" style=\"flex-basis:66.66%\">\n<h4 class=\"wp-block-heading\">PLAYA MARISUCIA<\/h4>\n\n\n\n<p>Que no te enga\u00f1e el nombre, la playa de Marisucia no es sucia.<br>Todo lo contrario, es una playa limpia y bonita, junto a la carretera del faro de Trafalgar, que ofrece buenas vistas de Los Ca\u00f1os, Zahara de los Atunes e incluso \u00c1frica. Tambi\u00e9n es la playa donde se suele practicar deportes como kitesurf y windsurf.<\/p>\n\n\n\n<p>Se accede de la misma forma que a las playas del faro de Trafalgar, pero en esta te ahorras la traves\u00eda por el desierto andando. Tiene chiringuitos cerca como El Ohana, Las Dunas o la pizzer\u00eda Minigolf, por si rugen las tripas.<\/p>\n<\/div>\n<\/div>\n\n\n\n<div class=\"wp-block-columns is-layout-flex wp-container-core-columns-is-layout-9d6595d7 wp-block-columns-is-layout-flex\">\n<div class=\"wp-block-column is-layout-flow wp-block-column-is-layout-flow\" style=\"flex-basis:33.33%\">\n<figure class=\"wp-block-image size-large\" style=\"margin-bottom: 15px;\"><img loading=\"lazy\" decoding=\"async\" width=\"1024\" height=\"778\" src=\"https:\/\/villamarchante.net\/wp-content\/uploads\/2021\/05\/Captura-de-pantalla-2021-05-18-a-las-17.44.36-1024x778.png\" alt=\"\" class=\"wp-image-718\"\/><\/figure>\n<\/div>\n\n\n\n<div class=\"wp-block-column is-layout-flow wp-block-column-is-layout-flow\" style=\"flex-basis:66.66%\">\n<h4 class=\"wp-block-heading\">PLAYA EL PALMAR<\/h4>\n\n\n\n<p>La playa de El Palmar posee la Q de calidad Tur\u00edstica otorgada por el Instituto para la Calidad Tur\u00edstica Espa\u00f1ola. Es, sin lugar a dudas, una de las mejores playas de C\u00e1diz. Con una extensi\u00f3n de 8 kil\u00f3metros de arena dorada y aguas cristalinas, esta playa es tambi\u00e9n famosa por ser uno de los principales enclaves del surf , windsurf y m\u00faltiples deportes acu\u00e1ticos.<\/p>\n<\/div>\n<\/div>\n\n\n\n<div class=\"wp-block-columns is-layout-flex wp-container-core-columns-is-layout-9d6595d7 wp-block-columns-is-layout-flex\">\n<div class=\"wp-block-column is-layout-flow wp-block-column-is-layout-flow\" style=\"flex-basis:33.33%\">\n<figure class=\"wp-block-image size-large\" style=\"margin-bottom: 15px;\"><img loading=\"lazy\" decoding=\"async\" width=\"1024\" height=\"784\" src=\"https:\/\/villamarchante.net\/wp-content\/uploads\/2021\/05\/Captura-de-pantalla-2021-05-18-a-las-17.45.37-1024x784.png\" alt=\"\" class=\"wp-image-719\"\/><\/figure>\n<\/div>\n\n\n\n<div class=\"wp-block-column is-layout-flow wp-block-column-is-layout-flow\" style=\"flex-basis:66.66%\">\n<h4 class=\"wp-block-heading\">PLAYA ZAHORA O SAJORAMI<\/h4>\n\n\n\n<p>La playa de Zahora pertenece a Barbate y comienza en el final de la playa El Palmar. El espacio natural que envuelve esta playa es salvaje, con dunas y lagunas salobres. En verano podr\u00e1s disfrutar de su mercadillo de artesan\u00edas. En la zona urbanizada podr\u00e1s disfrutar de refrigerios y pescadito frito.<\/p>\n\n\n\n<p>Los m\u00e1s populares como el son el chiringuito de Juan, la Palapa y sobre todo el Sajorami que pr\u00e1cticamente est\u00e1 cambiando el nombre de la zona.<\/p>\n<\/div>\n<\/div>\n\n\n\n<div class=\"wp-block-columns is-layout-flex wp-container-core-columns-is-layout-9d6595d7 wp-block-columns-is-layout-flex\">\n<div class=\"wp-block-column is-layout-flow wp-block-column-is-layout-flow\" style=\"flex-basis:33.33%\">\n<figure class=\"wp-block-image size-large\" style=\"margin-bottom: 15px;\"><img loading=\"lazy\" decoding=\"async\" width=\"1024\" height=\"492\" src=\"https:\/\/villamarchante.net\/wp-content\/uploads\/2021\/05\/Captura-de-pantalla-2021-05-18-a-las-17.47.53-1024x492.png\" alt=\"\" class=\"wp-image-721\"\/><\/figure>\n<\/div>\n\n\n\n<div class=\"wp-block-column is-layout-flow wp-block-column-is-layout-flow\" style=\"flex-basis:66.66%\">\n<h4 class=\"wp-block-heading\">PLAYA MANGUETA<\/h4>\n\n\n\n<p>Playa Mangueta es una de las m\u00e1s desconocidas si no eres local.<br>Por ello, esta playa virgen, suele ser poco frecuentada y un para\u00edso para quienes prefieren una experiencia m\u00e1s \u00edntima y poco masificada. Kil\u00f3metros de playa sin casas donde se est\u00e1 permitido el nudismo. Cuenta, al inicio, con el bar Saboy, donde poder refrescarse despu\u00e9s de una jornada de sol.<\/p>\n<\/div>\n<\/div>\n\n\n\n<div class=\"wp-block-columns is-layout-flex wp-container-core-columns-is-layout-9d6595d7 wp-block-columns-is-layout-flex\">\n<div class=\"wp-block-column is-layout-flow wp-block-column-is-layout-flow\" style=\"flex-basis:33.33%\">\n<figure class=\"wp-block-image size-large\" style=\"margin-bottom: 15px;\"><img loading=\"lazy\" decoding=\"async\" width=\"1024\" height=\"498\" src=\"https:\/\/villamarchante.net\/wp-content\/uploads\/2021\/05\/Captura-de-pantalla-2021-05-18-a-las-17.48.58-1024x498.png\" alt=\"\" class=\"wp-image-723\"\/><\/figure>\n<\/div>\n\n\n\n<div class=\"wp-block-column is-layout-flow wp-block-column-is-layout-flow\" style=\"flex-basis:66.66%\">\n<h4 class=\"wp-block-heading\">PLAYAS DE CONIL<\/h4>\n\n\n\n<p>\u00bfTe vas a ir hasta Conil teniendo las playas de los Ca\u00f1os y Zahora?<br>De todas formas, este es el listado de las playas de Conil por si te aventuras:<\/p>\n\n\n\n<ul class=\"wp-block-list\"><li>Playa Castillnovo<\/li><li>Playa Los Bateles<\/li><li>Playa La Fontanilla<\/li><li>Playa Fuente del Gallo<\/li><li>Playa Cala del Quinto<\/li><li>Playa Cala del Aceite<\/li><li>Playa Cala de Roche<\/li><\/ul>\n<\/div>\n<\/div>\n\n\n\n<h2 class=\"wp-block-heading\">\u00bfD\u00f3nde comer?<\/h2>\n\n\n\n<p>Porque no todo va a ser playa. Los Ca\u00f1os presume de una de las mejores gastronom\u00edas . Aqu\u00ed te recomendamos algunos de nuestros favoritos.<\/p>\n\n\n\n<div class=\"wp-block-columns is-layout-flex wp-container-core-columns-is-layout-9d6595d7 wp-block-columns-is-layout-flex\">\n<div class=\"wp-block-column is-layout-flow wp-block-column-is-layout-flow\" style=\"flex-basis:33.33%\">\n<figure class=\"wp-block-image size-large\" style=\"margin-bottom: 15px;\"><img loading=\"lazy\" decoding=\"async\" width=\"1024\" height=\"954\" src=\"https:\/\/villamarchante.net\/wp-content\/uploads\/2021\/05\/Captura-de-pantalla-2021-05-18-a-las-17.52.53-1024x954.png\" alt=\"\" class=\"wp-image-729\"\/><\/figure>\n<\/div>\n\n\n\n<div class=\"wp-block-column is-layout-flow wp-block-column-is-layout-flow\" style=\"flex-basis:66.66%\">\n<h5 class=\"wp-block-heading\">SAN AMBROSIO<\/h5>\n\n\n\n<ul class=\"wp-block-list\"><li>VENTA LUIS<\/li><li>VENTA CANUTO<\/li><\/ul>\n\n\n\n<h5 class=\"wp-block-heading\">ZAHORA<\/h5>\n\n\n\n<ul class=\"wp-block-list\"><li>ALHAMBRA<\/li><li>VENTA CURRO<\/li><li>AROHAZ<\/li><li>EL RATITO COSTA<\/li><li>CALIMA<\/li><\/ul>\n\n\n\n<h5 class=\"wp-block-heading\">BARBATE<\/h5>\n\n\n\n<ul class=\"wp-block-list\"><li>EL CAMPERO<\/li><li>PE\u00d1A AT\u00daN<\/li><\/ul>\n\n\n\n<h5 class=\"wp-block-heading\">EL PALMAR<\/h5>\n\n\n\n<ul class=\"wp-block-list\"><li>CASA JUAN<\/li><li>EL ALF\u00c9REZ<\/li><li>LA DOLCE VITA (PIZZER\u00cdA) <\/li><li>CASA REYES<\/li><li>LA TORRE EL PALMAR<\/li><li>LA CERVECER\u00cdA<\/li><\/ul>\n\n\n\n<h5 class=\"wp-block-heading\">VEJER<\/h5>\n\n\n\n<ul class=\"wp-block-list\"><li>JARD\u00cdN DEL CALIFA <\/li><li>LAS DELICIAS <\/li><li>LA CASTILLER\u00cdA <\/li><li>PIZZER\u00cdA LA MUELA <\/li><li>BARCA DE VEJER <\/li><li>SUSHI TIME VEJER <\/li><li>PATRIA <\/li><li>LA VERA CRUZ<\/li><\/ul>\n\n\n\n<p><\/p>\n<\/div>\n<\/div>\n\n\n\n<h2 class=\"wp-block-heading\">Copas<\/h2>\n\n\n\n<p>Desde la cervecita del aperitivo hasta las copitas de la noche.<\/p>\n\n\n\n<div class=\"wp-block-columns is-layout-flex wp-container-core-columns-is-layout-9d6595d7 wp-block-columns-is-layout-flex\">\n<div class=\"wp-block-column is-layout-flow wp-block-column-is-layout-flow\" style=\"flex-basis:33.33%\">\n<figure class=\"wp-block-image size-large\"><img loading=\"lazy\" decoding=\"async\" width=\"1024\" height=\"824\" src=\"https:\/\/villamarchante.net\/wp-content\/uploads\/2021\/05\/Captura-de-pantalla-2021-05-18-a-las-17.58.41-1024x824.png\" alt=\"\" class=\"wp-image-734\" srcset=\"https:\/\/villamarchante.net\/wp-content\/uploads\/2021\/05\/Captura-de-pantalla-2021-05-18-a-las-17.58.41-1024x824.png 1024w, https:\/\/villamarchante.net\/wp-content\/uploads\/2021\/05\/Captura-de-pantalla-2021-05-18-a-las-17.58.41-620x500.png 620w\" sizes=\"auto, (max-width: 1024px) 100vw, 1024px\" \/><\/figure>\n<\/div>\n\n\n\n<div class=\"wp-block-column is-layout-flow wp-block-column-is-layout-flow\" style=\"flex-basis:66.66%\">\n<ul class=\"wp-block-list\"><li>SABOY <\/li><li>LAS DUNAS <\/li><li>OHANA <\/li><li>SAJORAMI <\/li><li>GRAN BABA<\/li><li>EL CARTERO<\/li><\/ul>\n<\/div>\n<\/div>","protected":false},"excerpt":{"rendered":"<p>Conoce Los Ca\u00f1os de Meca EN&nbsp;VILLA&nbsp;MARCHANTE&nbsp;QUEREMOS&nbsp;HACER&nbsp;DE&nbsp;TU&nbsp;ESTANCIA&nbsp;LA&nbsp;MEJOR EXPERIENCIA.&nbsp;POR&nbsp;ELLO&nbsp;HEMOS&nbsp;QUERIDO&nbsp;RECOMENDARTE&nbsp;ALGUNAS&nbsp;DE&nbsp;LAS MEJORES&nbsp;PLAYAS,&nbsp; RESTAURANTES&nbsp; Y&nbsp;BARES&nbsp;DEL&nbsp;LUGAR. PLAYA DEL PIRATA O GUADALUPE Bonita playa a escasos metros del apartamento. Arena fina y fondos arenosos en el coraz\u00f3n de Los Ca\u00f1os. La \u201cplaya del barrio\u201d. Tienes chiringuitos y restaurantes cerca por si el hambre o la sed aprietan donde poder disfrutar de m\u00fasica [&hellip;]<\/p>\n","protected":false},"author":1,"featured_media":0,"parent":0,"menu_order":0,"comment_status":"closed","ping_status":"closed","template":"","meta":{"footnotes":""},"class_list":["post-557","page","type-page","status-publish","hentry"],"_links":{"self":[{"href":"https:\/\/villamarchante.net\/en\/wp-json\/wp\/v2\/pages\/557","targetHints":{"allow":["GET"]}}],"collection":[{"href":"https:\/\/villamarchante.net\/en\/wp-json\/wp\/v2\/pages"}],"about":[{"href":"https:\/\/villamarchante.net\/en\/wp-json\/wp\/v2\/types\/page"}],"author":[{"embeddable":true,"href":"https:\/\/villamarchante.net\/en\/wp-json\/wp\/v2\/users\/1"}],"replies":[{"embeddable":true,"href":"https:\/\/villamarchante.net\/en\/wp-json\/wp\/v2\/comments?post=557"}],"version-history":[{"count":18,"href":"https:\/\/villamarchante.net\/en\/wp-json\/wp\/v2\/pages\/557\/revisions"}],"predecessor-version":[{"id":1821,"href":"https:\/\/villamarchante.net\/en\/wp-json\/wp\/v2\/pages\/557\/revisions\/1821"}],"wp:attachment":[{"href":"https:\/\/villamarchante.net\/en\/wp-json\/wp\/v2\/media?parent=557"}],"curies":[{"name":"wp","href":"https:\/\/api.w.org\/{rel}","templated":true}]}}